{"id":22,"date":"2020-03-21T21:44:06","date_gmt":"2020-03-21T21:44:06","guid":{"rendered":"http:\/\/parallellogramvoorwiskunde.nl\/?page_id=22"},"modified":"2020-04-05T17:35:39","modified_gmt":"2020-04-05T15:35:39","slug":"mobius-band","status":"publish","type":"page","link":"http:\/\/parallellogramvoorwiskunde.nl\/?page_id=22","title":{"rendered":"M\u00f6biusband"},"content":{"rendered":"\n<p class=\"has-regular-font-size\"><strong>M\u00f6biusband<\/strong><br><em>Wiskunde spil 17 &#8211; 24 \/ groep 5 t\/m 8<\/em><\/p>\n\n\n\n<p>De Nederlandse kunstenaar MC Escher laat mieren rondlopen op een heel speciale band. Dit kunstwerk kun je bekijken op deze <a href=\"https:\/\/mcescher.com\/wp-content\/uploads\/2019\/05\/LW-441-183x300.jpg\" target=\"_blank\" rel=\"noreferrer noopener\" aria-label=\" (opent in een nieuwe tab)\">website<\/a>.<br><\/p>\n\n\n\n<p>Hoeveel kanten heeft deze band? Volg maar eens \u00e9\u00e9n mier in\nhet volgende filmpje.<\/p>\n\n\n\n<figure class=\"wp-block-embed-youtube wp-block-embed is-type-video is-provider-youtube wp-embed-aspect-16-9 wp-has-aspect-ratio\"><div class=\"wp-block-embed__wrapper\">\nhttps:\/\/youtu.be\/YAijI24MF2s\n<\/div><\/figure>\n\n\n\n<p>Je gaat nu zelf een aantal van dit soort banden\/ringen maken en ontdekken wat er gebeurt als je hem over de lengte doormidden knipt. En het wordt daarbij pas echt wiskunde als je er een patroon bij ontdekt.<\/p>\n\n\n\n<p><strong>Benodigdheden:<\/strong><\/p>\n\n\n\n<ul><li>Stroken papier van ongeveer 3 cm breed. Knip ze van een A4 (of A3, voor een langere strook)<\/li><li>Schaar<\/li><li>Lijmstift of plakband<\/li><li>stift<\/li><\/ul>\n\n\n\n<p><strong>Een band zonder slag<\/strong><\/p>\n\n\n\n<p>Je hebt vast wel eens een <a rel=\"noreferrer noopener\" aria-label=\" (opent in een nieuwe tab)\" href=\"http:\/\/www.knutselsvoorkinderen.nl\/knutsels\/Slinger_01\/\" target=\"_blank\">papieren slinger<\/a> gemaakt. Die bestaat uit \u2018gewone\u2019 banden\/ringen van stroken papier. Maak zo&#8217;n ring, een band zonder slag. Deze ring heeft een buitenkant en een binnenkant: twee kanten dus. <br>Teken met de stift een lijn over \u00e9\u00e9n kant van de band, helemaal rond. Wat gebeurt er als je de ring over deze lijn door midden knipt, hoeveel banden heb je dan?<\/p>\n\n\n\n<p><br> Omdat er 0 slagen in deze band zit, noemen we deze <strong>B<sub>0<\/sub><\/strong>.<\/p>\n\n\n\n<p><strong><em>Tip voor het knippen<\/em><\/strong><\/p>\n\n\n\n<p><em>Vouw het papier dubbel en maakt een klein knipje met je schaar. Daarna kun je de punt van je schaar door dit gaatje steken en goed over de lijn knippen.<\/em><\/p>\n\n\n\n<p><strong>Een band met \u00e9\u00e9n halve\nslag: de M\u00f6biusband<\/strong><\/p>\n\n\n\n<figure class=\"wp-block-image size-large\"><img src=\"https:\/\/upload.wikimedia.org\/wikipedia\/commons\/d\/d9\/M%C3%B6bius_strip.jpg\" alt=\"\"\/><figcaption>David Benbennick \/ CC BY-SA (http:\/\/creativecommons.org\/licenses\/by-sa\/3.0\/)<\/figcaption><\/figure>\n\n\n\n<p>Pak een strook. Draai een van de uiteinden \u00e9\u00e9n slag. Plak de uiteinden als een band goed aan elkaar vast. Dit wordt een M\u00f6biusband genoemd. <br>Teken nu weer met de stift een lijn over een kant van de band. Hoeveel kanten heeft deze band eigenlijk? En wat gebeurt er nu als je de band over deze lijn door midden knipt, hoeveel banden heb je dan?<\/p>\n\n\n\n<p>Omdat er 1 halve slag in deze band zit, noemen we deze <strong>B<sub>1<\/sub><\/strong>.<\/p>\n\n\n\n<p><strong>Een band met twee\nhalve slagen<\/strong><\/p>\n\n\n\n<p>Pak een strook en draai een van de uiteinden nu twee slag voordat je de uiteinden weer aan elkaar plakt. Hoeveel kanten heeft deze band? Teken weer een lijn over het midden van de band om te controleren of je antwoord goed was. Wat denk je dat er nu zal gebeuren als je over de lijn knipt? <\/p>\n\n\n\n<p>Omdat er 2 halve slagen in deze band zit, noemen we deze <strong>B<sub>2<\/sub><\/strong>.<\/p>\n\n\n\n<p>Voordat je verder gaat, neem je eerst deze tabel over op een apart blaadje. Vul de tabel zo ver mogelijk in.<\/p>\n\n\n\n<figure class=\"wp-block-table\"><table><tbody><tr><td><strong>Band<\/strong><\/td><td class=\"has-text-align-center\" data-align=\"center\"> <strong>B<sub>0<\/sub><\/strong> <\/td><td class=\"has-text-align-center\" data-align=\"center\">  <strong>B<sub>1<\/sub><\/strong> <\/td><td class=\"has-text-align-center\" data-align=\"center\"> <strong>B<sub>2<\/sub><\/strong> <\/td><td class=\"has-text-align-center\" data-align=\"center\"> <strong>B<sub>3<\/sub><\/strong> <\/td><td class=\"has-text-align-center\" data-align=\"center\"> <strong>B<sub>4<\/sub><\/strong> <\/td><td class=\"has-text-align-center\" data-align=\"center\"> <strong>B<sub>5<\/sub><\/strong> <\/td><td class=\"has-text-align-center\" data-align=\"center\"> <strong>B<sub>6<\/sub><\/strong> <\/td><td class=\"has-text-align-center\" data-align=\"center\"> <strong>B<sub>7<\/sub><\/strong> <\/td><td class=\"has-text-align-center\" data-align=\"center\"> <strong>B<sub>8<\/sub><\/strong> <\/td><td class=\"has-text-align-center\" data-align=\"center\"> <strong>B<sub>9<\/sub><\/strong> <\/td><\/tr><tr><td>Aantal halve slagen<\/td><td class=\"has-text-align-center\" data-align=\"center\">0<\/td><td class=\"has-text-align-center\" data-align=\"center\">1<\/td><td class=\"has-text-align-center\" data-align=\"center\">2<\/td><td class=\"has-text-align-center\" data-align=\"center\">3<\/td><td class=\"has-text-align-center\" data-align=\"center\">4<\/td><td class=\"has-text-align-center\" data-align=\"center\">5<\/td><td class=\"has-text-align-center\" data-align=\"center\">6<\/td><td class=\"has-text-align-center\" data-align=\"center\">7<\/td><td class=\"has-text-align-center\" data-align=\"center\">8<\/td><td class=\"has-text-align-center\" data-align=\"center\">9<\/td><\/tr><tr><td>Aantal kanten<\/td><td class=\"has-text-align-center\" data-align=\"center\">2<\/td><td class=\"has-text-align-center\" data-align=\"center\">1<\/td><td class=\"has-text-align-center\" data-align=\"center\">&#8230;<\/td><td class=\"has-text-align-center\" data-align=\"center\"><\/td><td class=\"has-text-align-center\" data-align=\"center\"><\/td><td class=\"has-text-align-center\" data-align=\"center\"><\/td><td class=\"has-text-align-center\" data-align=\"center\"><\/td><td class=\"has-text-align-center\" data-align=\"center\"><\/td><td class=\"has-text-align-center\" data-align=\"center\"><\/td><td class=\"has-text-align-center\" data-align=\"center\"><\/td><\/tr><tr><td>Aantal banden<br>na knippen<\/td><td class=\"has-text-align-center\" data-align=\"center\">2<\/td><td class=\"has-text-align-center\" data-align=\"center\">&#8230;<\/td><td class=\"has-text-align-center\" data-align=\"center\"><\/td><td class=\"has-text-align-center\" data-align=\"center\"><\/td><td class=\"has-text-align-center\" data-align=\"center\"><\/td><td class=\"has-text-align-center\" data-align=\"center\"><\/td><td class=\"has-text-align-center\" data-align=\"center\"><\/td><td class=\"has-text-align-center\" data-align=\"center\"><\/td><td class=\"has-text-align-center\" data-align=\"center\"><\/td><td class=\"has-text-align-center\" data-align=\"center\"><\/td><\/tr><tr><td>Aantal halve slagen in band <br>na knippen<\/td><td class=\"has-text-align-center\" data-align=\"center\">0<\/td><td class=\"has-text-align-center\" data-align=\"center\">&#8230;<\/td><td class=\"has-text-align-center\" data-align=\"center\"><\/td><td class=\"has-text-align-center\" data-align=\"center\"><\/td><td class=\"has-text-align-center\" data-align=\"center\"><\/td><td class=\"has-text-align-center\" data-align=\"center\"><\/td><td class=\"has-text-align-center\" data-align=\"center\"><\/td><td class=\"has-text-align-center\" data-align=\"center\"><\/td><td class=\"has-text-align-center\" data-align=\"center\"><\/td><td class=\"has-text-align-center\" data-align=\"center\"><\/td><\/tr><\/tbody><\/table><\/figure>\n\n\n\n<p>De laatste rij in de tabel is de lastigste, want hoeveel halve slagen zitten er in zo&#8217;n band? Ik zal je verklappen dat in de M\u00f6biusband maar liefst 4 halve slagen zit na knippen.<\/p>\n\n\n\n<p>Maak nu  <strong>B<sub>3<\/sub><\/strong>,  <strong>B<sub>4<\/sub><\/strong> en  <strong>B<sub>5<\/sub><\/strong>  en vul de tabel verder in.  <\/p>\n\n\n\n<p>Misschien ontdek je een regelmaat en kun je zo voorspellen wat er gebeurt als je nog meer slagen in het papier maakt.  Dan kun je de tabel verder invullen. Je kunt ook alle banden maken en daarmee de tabel invullen.<\/p>\n\n\n\n<p><strong><em>Tip <\/em><\/strong><\/p>\n\n\n\n<p><em>Als je meer slagen in het papier maakt voordat je de uiteinden aan elkaar plakt, is het handig om een lange strook papier te gebruiken. Je kunt bijvoorbeeld ook een strook van krantenpapier maken! <\/em><\/p>\n\n\n\n<p><strong>Tip om het aantal slagen in een band te tellen<\/strong><\/p>\n\n\n\n<figure class=\"wp-block-embed-youtube wp-block-embed is-type-video is-provider-youtube wp-embed-aspect-16-9 wp-has-aspect-ratio\"><div class=\"wp-block-embed__wrapper\">\n<iframe title=\"Mobius band: aantal slagen tellen\" width=\"640\" height=\"360\" src=\"https:\/\/www.youtube.com\/embed\/tG0FtSxJ4jo?feature=oembed\" frameborder=\"0\" allow=\"accelerometer; autoplay; encrypted-media; gyroscope; picture-in-picture\" allowfullscreen><\/iframe>\n<\/div><\/figure>\n\n\n\n<p><strong>Leuke filmpjes<\/strong><\/p>\n\n\n\n<p>Wil je nog meer knippen met M\u00f6biusbanden?<br><a href=\"https:\/\/youtu.be\/Qeeueeq0ZWM\" target=\"_blank\" rel=\"noreferrer noopener\" aria-label=\" (opent in een nieuwe tab)\">https:\/\/youtu.be\/Qeeueeq0ZWM<\/a><\/p>\n\n\n\n<p>Een heel bijzonder filmpje over Wind en Mr. Ug gemaakt door Vi Hart.<br><a href=\"https:\/\/youtu.be\/4mdEsouIXGM\" target=\"_blank\" rel=\"noreferrer noopener\" aria-label=\" (opent in een nieuwe tab)\">https:\/\/youtu.be\/4mdEsouIXGM<\/a><\/p>\n\n\n\n<p>Maak twee verstrengelde  M\u00f6biushartjes!<br><a rel=\"noreferrer noopener\" aria-label=\" (opent in een nieuwe tab)\" href=\"http:\/\/slimme-handen.nl\/2013\/01\/verras-valentijn-verstrengelde-hartjes-moebius-ringen\/\" target=\"_blank\">http:\/\/slimme-handen.nl\/2013\/01\/verras-valentijn-verstrengelde-hartjes-moebius-ringen\/<\/a><\/p>\n\n\n\n<p><a href=\"http:\/\/parallellogramvoorwiskunde.nl\/?page_id=140\" target=\"_blank\" rel=\"noreferrer noopener\">Antwoorden<\/a><\/p>\n","protected":false},"excerpt":{"rendered":"<p>M\u00f6biusbandWiskunde spil 17 &#8211; 24 \/ groep 5 t\/m 8 De Nederlandse kunstenaar MC Escher laat mieren rondlopen op een heel speciale band. Dit kunstwerk kun je bekijken op deze website. Hoeveel kanten heeft deze band? Volg maar eens \u00e9\u00e9n mier in het volgende filmpje. Je gaat nu zelf een aantal van dit soort banden\/ringen&#8230;<\/p>\n","protected":false},"author":1,"featured_media":0,"parent":0,"menu_order":0,"comment_status":"closed","ping_status":"closed","template":"","meta":[],"_links":{"self":[{"href":"http:\/\/parallellogramvoorwiskunde.nl\/index.php?rest_route=\/wp\/v2\/pages\/22"}],"collection":[{"href":"http:\/\/parallellogramvoorwiskunde.nl\/index.php?rest_route=\/wp\/v2\/pages"}],"about":[{"href":"http:\/\/parallellogramvoorwiskunde.nl\/index.php?rest_route=\/wp\/v2\/types\/page"}],"author":[{"embeddable":true,"href":"http:\/\/parallellogramvoorwiskunde.nl\/index.php?rest_route=\/wp\/v2\/users\/1"}],"replies":[{"embeddable":true,"href":"http:\/\/parallellogramvoorwiskunde.nl\/index.php?rest_route=%2Fwp%2Fv2%2Fcomments&post=22"}],"version-history":[{"count":12,"href":"http:\/\/parallellogramvoorwiskunde.nl\/index.php?rest_route=\/wp\/v2\/pages\/22\/revisions"}],"predecessor-version":[{"id":151,"href":"http:\/\/parallellogramvoorwiskunde.nl\/index.php?rest_route=\/wp\/v2\/pages\/22\/revisions\/151"}],"wp:attachment":[{"href":"http:\/\/parallellogramvoorwiskunde.nl\/index.php?rest_route=%2Fwp%2Fv2%2Fmedia&parent=22"}],"curies":[{"name":"wp","href":"https:\/\/api.w.org\/{rel}","templated":true}]}}